{"id":14354,"date":"2024-10-25T10:34:42","date_gmt":"2024-10-25T10:34:42","guid":{"rendered":"https:\/\/help.mindfield.de\/contacto"},"modified":"2024-10-25T10:34:43","modified_gmt":"2024-10-25T10:34:43","slug":"contacto","status":"publish","type":"page","link":"https:\/\/help.mindfield.de\/es\/contacto","title":{"rendered":"Contacto"},"content":{"rendered":"\n<p>Si tiene alguna pregunta sobre nuestros productos o necesita ayuda, no dude en ponerse en contacto con nosotros. Para evitar publicidad inapropiada y spam, ignoramos los mensajes con contenido espec\u00edfico. Por ello, le rogamos que <strong>no escriba<\/strong> <strong>enlaces<\/strong> en el formulario de contacto. Si fuera necesario, escr\u00edbanos un correo electr\u00f3nico.    <\/p>\n\n<iframe style=\"border: 0;width:100%;height:1200px;\" src=\"https:\/\/mindfield.de\/only-contact-form\/\" frameborder=\"0\" allowfullscreen=\"\"><\/iframe>\n","protected":false},"excerpt":{"rendered":"<p>Si tiene alguna pregunta sobre nuestros productos o necesita ayuda, no dude en ponerse en contacto con nosotros. Para evitar publicidad inapropiada y spam, ignoramos los mensajes con contenido espec\u00edfico. Por ello, le rogamos que no escriba enlaces en el formulario de contacto. Si fuera necesario, escr\u00edbanos un correo electr\u00f3nico.<\/p>\n","protected":false},"author":2,"featured_media":0,"parent":0,"menu_order":0,"comment_status":"closed","ping_status":"closed","template":"","meta":{"inline_featured_image":false,"footnotes":""},"class_list":["post-14354","page","type-page","status-publish","hentry","entry"],"_links":{"self":[{"href":"https:\/\/help.mindfield.de\/es\/wp-json\/wp\/v2\/pages\/14354","targetHints":{"allow":["GET"]}}],"collection":[{"href":"https:\/\/help.mindfield.de\/es\/wp-json\/wp\/v2\/pages"}],"about":[{"href":"https:\/\/help.mindfield.de\/es\/wp-json\/wp\/v2\/types\/page"}],"author":[{"embeddable":true,"href":"https:\/\/help.mindfield.de\/es\/wp-json\/wp\/v2\/users\/2"}],"replies":[{"embeddable":true,"href":"https:\/\/help.mindfield.de\/es\/wp-json\/wp\/v2\/comments?post=14354"}],"version-history":[{"count":0,"href":"https:\/\/help.mindfield.de\/es\/wp-json\/wp\/v2\/pages\/14354\/revisions"}],"wp:attachment":[{"href":"https:\/\/help.mindfield.de\/es\/wp-json\/wp\/v2\/media?parent=14354"}],"curies":[{"name":"wp","href":"https:\/\/api.w.org\/{rel}","templated":true}]}}