{"id":14315,"date":"2024-10-25T08:29:55","date_gmt":"2024-10-25T08:29:55","guid":{"rendered":"https:\/\/help.mindfield.de\/?page_id=14315"},"modified":"2024-10-25T08:29:57","modified_gmt":"2024-10-25T08:29:57","slug":"manuels-complets-a-telecharger","status":"publish","type":"page","link":"https:\/\/help.mindfield.de\/fr\/manuels-complets-a-telecharger","title":{"rendered":"Manuels complets (\u00e0 t\u00e9l\u00e9charger)"},"content":{"rendered":"\n\n<p>Cliquez sur le logo correspondant au capteur eSense dont vous souhaitez consulter ou t\u00e9l\u00e9charger le manuel :<\/p>\n\n\n\n\n\n<div style=\"height:30px\" aria-hidden=\"true\" class=\"wp-block-spacer\"><\/div>\n\n\n\n\n\n<div class=\"wp-block-columns is-layout-flex wp-container-core-columns-is-layout-9d6595d7 wp-block-columns-is-layout-flex\">\n\n<div class=\"wp-block-column is-layout-flow wp-block-column-is-layout-flow\">\n\n<figure class=\"wp-block-image size-large\"><a href=\"https:\/\/help.mindfield.de\/en\/skin-response-manual\"><img decoding=\"async\" width=\"1024\" height=\"404\" src=\"https:\/\/help.mindfield.de\/wp-content\/uploads\/2022\/02\/Logo-eSense-SkinReponse-1024x404.png\" alt=\"\" class=\"wp-image-32\" srcset=\"https:\/\/help.mindfield.de\/wp-content\/uploads\/2022\/02\/Logo-eSense-SkinReponse-1024x404.png 1024w, https:\/\/help.mindfield.de\/wp-content\/uploads\/2022\/02\/Logo-eSense-SkinReponse-300x118.png 300w, https:\/\/help.mindfield.de\/wp-content\/uploads\/2022\/02\/Logo-eSense-SkinReponse-768x303.png 768w, https:\/\/help.mindfield.de\/wp-content\/uploads\/2022\/02\/Logo-eSense-SkinReponse-1536x606.png 1536w, https:\/\/help.mindfield.de\/wp-content\/uploads\/2022\/02\/Logo-eSense-SkinReponse-2048x809.png 2048w\" sizes=\"(max-width: 1024px) 100vw, 1024px\" \/><\/a><figcaption class=\"wp-element-caption\"><a href=\"https:\/\/help.mindfield.de\/en\/skin-response-manual\">Afficher ou t\u00e9l\u00e9charger le manuel complet<\/a><\/figcaption><\/figure>\n\n<\/div>\n\n\n\n\n\n<div class=\"wp-block-column is-layout-flow wp-block-column-is-layout-flow\">\n\n<figure class=\"wp-block-image size-full\"><a href=\"https:\/\/help.mindfield.de\/en\/temperature-manual\"><img decoding=\"async\" width=\"795\" height=\"314\" src=\"https:\/\/help.mindfield.de\/wp-content\/uploads\/2022\/02\/Logo-eSense-Temperature.png\" alt=\"\" class=\"wp-image-34\" srcset=\"https:\/\/help.mindfield.de\/wp-content\/uploads\/2022\/02\/Logo-eSense-Temperature.png 795w, https:\/\/help.mindfield.de\/wp-content\/uploads\/2022\/02\/Logo-eSense-Temperature-300x118.png 300w, https:\/\/help.mindfield.de\/wp-content\/uploads\/2022\/02\/Logo-eSense-Temperature-768x303.png 768w\" sizes=\"(max-width: 795px) 100vw, 795px\" \/><\/a><figcaption class=\"wp-element-caption\"><a href=\"https:\/\/help.mindfield.de\/en\/temperature-manual\">Afficher ou t\u00e9l\u00e9charger le manuel complet<\/a><\/figcaption><\/figure>\n\n<\/div>\n\n<\/div>\n\n\n\n\n\n<div style=\"height:30px\" aria-hidden=\"true\" class=\"wp-block-spacer\"><\/div>\n\n\n\n\n\n<div class=\"wp-block-columns is-layout-flex wp-container-core-columns-is-layout-9d6595d7 wp-block-columns-is-layout-flex\">\n\n<div class=\"wp-block-column is-layout-flow wp-block-column-is-layout-flow\">\n\n<figure class=\"wp-block-image size-full\"><a href=\"https:\/\/help.mindfield.de\/en\/pulse-manual\"><img decoding=\"async\" width=\"966\" height=\"383\" src=\"https:\/\/help.mindfield.de\/wp-content\/uploads\/2022\/02\/Logo-eSense-Pulse.png\" alt=\"\" class=\"wp-image-28\" srcset=\"https:\/\/help.mindfield.de\/wp-content\/uploads\/2022\/02\/Logo-eSense-Pulse.png 966w, https:\/\/help.mindfield.de\/wp-content\/uploads\/2022\/02\/Logo-eSense-Pulse-300x119.png 300w, https:\/\/help.mindfield.de\/wp-content\/uploads\/2022\/02\/Logo-eSense-Pulse-768x304.png 768w\" sizes=\"(max-width: 966px) 100vw, 966px\" \/><\/a><figcaption class=\"wp-element-caption\"><a href=\"https:\/\/help.mindfield.de\/en\/pulse-manual\"><\/a><a href=\"https:\/\/help.mindfield.de\/en\/pulse-manual\">Visualiser ou t\u00e9l\u00e9charger le manuel complet<\/a><\/figcaption><\/figure>\n\n<\/div>\n\n\n\n\n\n<div class=\"wp-block-column is-layout-flow wp-block-column-is-layout-flow\">\n\n<figure class=\"wp-block-image size-large\"><a href=\"https:\/\/help.mindfield.de\/en\/respiration-manual\"><img decoding=\"async\" width=\"1024\" height=\"404\" src=\"https:\/\/help.mindfield.de\/wp-content\/uploads\/2022\/02\/Logo-eSense-Respiration-1024x404.png\" alt=\"\" class=\"wp-image-30\" srcset=\"https:\/\/help.mindfield.de\/wp-content\/uploads\/2022\/02\/Logo-eSense-Respiration-1024x404.png 1024w, https:\/\/help.mindfield.de\/wp-content\/uploads\/2022\/02\/Logo-eSense-Respiration-300x118.png 300w, https:\/\/help.mindfield.de\/wp-content\/uploads\/2022\/02\/Logo-eSense-Respiration-768x303.png 768w, https:\/\/help.mindfield.de\/wp-content\/uploads\/2022\/02\/Logo-eSense-Respiration-1536x606.png 1536w, https:\/\/help.mindfield.de\/wp-content\/uploads\/2022\/02\/Logo-eSense-Respiration.png 1886w\" sizes=\"(max-width: 1024px) 100vw, 1024px\" \/><\/a><figcaption class=\"wp-element-caption\"><a href=\"https:\/\/help.mindfield.de\/en\/respiration-manual\"><\/a><a href=\"https:\/\/help.mindfield.de\/en\/respiration-manual\">Visualiser ou t\u00e9l\u00e9charger le manuel complet<\/a><\/figcaption><\/figure>\n\n<\/div>\n\n<\/div>\n\n\n\n\n\n<div style=\"height:30px\" aria-hidden=\"true\" class=\"wp-block-spacer\"><\/div>\n\n\n\n\n\n<div class=\"wp-block-columns is-layout-flex wp-container-core-columns-is-layout-9d6595d7 wp-block-columns-is-layout-flex\">\n\n<div class=\"wp-block-column is-layout-flow wp-block-column-is-layout-flow\">\n\n<figure class=\"wp-block-image size-large\"><a href=\"https:\/\/help.mindfield.de\/en\/muscle-manual\"><img decoding=\"async\" width=\"795\" height=\"314\" src=\"https:\/\/help.mindfield.de\/wp-content\/uploads\/2022\/02\/Logo-eSense-Muscle.svg\" alt=\"\" class=\"wp-image-115\"\/><\/a><figcaption class=\"wp-element-caption\"><a href=\"https:\/\/help.mindfield.de\/en\/muscle-manual\"><\/a><a href=\"https:\/\/help.mindfield.de\/en\/muscle-manual\">Afficher ou t\u00e9l\u00e9charger le manuel complet<\/a><\/figcaption><\/figure>\n\n<\/div>\n\n\n\n\n\n<div class=\"wp-block-column is-layout-flow wp-block-column-is-layout-flow\"><\/div>\n\n<\/div>\n\n","protected":false},"excerpt":{"rendered":"<p>Cliquez sur le logo correspondant au capteur eSense dont vous souhaitez consulter ou t\u00e9l\u00e9charger le manuel :<\/p>\n","protected":false},"author":2,"featured_media":0,"parent":0,"menu_order":0,"comment_status":"closed","ping_status":"closed","template":"","meta":{"inline_featured_image":false,"footnotes":""},"class_list":["post-14315","page","type-page","status-publish","hentry","entry"],"_links":{"self":[{"href":"https:\/\/help.mindfield.de\/fr\/wp-json\/wp\/v2\/pages\/14315","targetHints":{"allow":["GET"]}}],"collection":[{"href":"https:\/\/help.mindfield.de\/fr\/wp-json\/wp\/v2\/pages"}],"about":[{"href":"https:\/\/help.mindfield.de\/fr\/wp-json\/wp\/v2\/types\/page"}],"author":[{"embeddable":true,"href":"https:\/\/help.mindfield.de\/fr\/wp-json\/wp\/v2\/users\/2"}],"replies":[{"embeddable":true,"href":"https:\/\/help.mindfield.de\/fr\/wp-json\/wp\/v2\/comments?post=14315"}],"version-history":[{"count":0,"href":"https:\/\/help.mindfield.de\/fr\/wp-json\/wp\/v2\/pages\/14315\/revisions"}],"wp:attachment":[{"href":"https:\/\/help.mindfield.de\/fr\/wp-json\/wp\/v2\/media?parent=14315"}],"curies":[{"name":"wp","href":"https:\/\/api.w.org\/{rel}","templated":true}]}}