{"id":14356,"date":"2024-10-25T10:35:54","date_gmt":"2024-10-25T10:35:54","guid":{"rendered":"https:\/\/help.mindfield.de\/contact"},"modified":"2024-10-25T10:35:55","modified_gmt":"2024-10-25T10:35:55","slug":"contact","status":"publish","type":"page","link":"https:\/\/help.mindfield.de\/fr\/contact","title":{"rendered":"Contact"},"content":{"rendered":"\n<p>Si vous avez des questions sur nos produits ou si vous avez besoin d&rsquo;aide, n&rsquo;h\u00e9sitez pas \u00e0 nous contacter ! Afin d&rsquo;\u00e9viter la publicit\u00e9 inappropri\u00e9e et le spam, nous ignorons les messages au contenu sp\u00e9cifique. Nous vous demandons donc de <strong>ne pas<\/strong> <strong>\u00e9crire de liens<\/strong> dans le formulaire de contact. Si cela s&rsquo;av\u00e8re n\u00e9cessaire, \u00e9crivez-nous un courriel.    <\/p>\n\n<iframe style=\"border: 0;width:100%;height:1200px;\" src=\"https:\/\/mindfield.de\/only-contact-form\/\" frameborder=\"0\" allowfullscreen=\"\"><\/iframe>\n","protected":false},"excerpt":{"rendered":"<p>Si vous avez des questions sur nos produits ou si vous avez besoin d&rsquo;aide, n&rsquo;h\u00e9sitez pas \u00e0 nous contacter ! Afin d&rsquo;\u00e9viter la publicit\u00e9 inappropri\u00e9e et le spam, nous ignorons les messages au contenu sp\u00e9cifique. Nous vous demandons donc de ne pas \u00e9crire de liens dans le formulaire de contact. Si cela s&rsquo;av\u00e8re n\u00e9cessaire, \u00e9crivez-nous&hellip; <a class=\"more-link\" href=\"https:\/\/help.mindfield.de\/fr\/contact\">Poursuivre la lecture <span class=\"screen-reader-text\">Contact<\/span><\/a><\/p>\n","protected":false},"author":2,"featured_media":0,"parent":0,"menu_order":0,"comment_status":"closed","ping_status":"closed","template":"","meta":{"inline_featured_image":false,"footnotes":""},"class_list":["post-14356","page","type-page","status-publish","hentry","entry"],"_links":{"self":[{"href":"https:\/\/help.mindfield.de\/fr\/wp-json\/wp\/v2\/pages\/14356","targetHints":{"allow":["GET"]}}],"collection":[{"href":"https:\/\/help.mindfield.de\/fr\/wp-json\/wp\/v2\/pages"}],"about":[{"href":"https:\/\/help.mindfield.de\/fr\/wp-json\/wp\/v2\/types\/page"}],"author":[{"embeddable":true,"href":"https:\/\/help.mindfield.de\/fr\/wp-json\/wp\/v2\/users\/2"}],"replies":[{"embeddable":true,"href":"https:\/\/help.mindfield.de\/fr\/wp-json\/wp\/v2\/comments?post=14356"}],"version-history":[{"count":0,"href":"https:\/\/help.mindfield.de\/fr\/wp-json\/wp\/v2\/pages\/14356\/revisions"}],"wp:attachment":[{"href":"https:\/\/help.mindfield.de\/fr\/wp-json\/wp\/v2\/media?parent=14356"}],"curies":[{"name":"wp","href":"https:\/\/api.w.org\/{rel}","templated":true}]}}