{"id":14360,"date":"2024-10-25T10:39:00","date_gmt":"2024-10-25T10:39:00","guid":{"rendered":"https:\/\/help.mindfield.de\/kapcsolat"},"modified":"2024-10-25T10:39:01","modified_gmt":"2024-10-25T10:39:01","slug":"kapcsolat","status":"publish","type":"page","link":"https:\/\/help.mindfield.de\/hu\/kapcsolat","title":{"rendered":"Kapcsolat"},"content":{"rendered":"\n<p>Ha k\u00e9rd\u00e9se van term\u00e9keinkkel kapcsolatban, vagy t\u00e1mogat\u00e1sra van sz\u00fcks\u00e9ge, k\u00e9rj\u00fck, forduljon hozz\u00e1nk bizalommal! A nem megfelel\u0151 rekl\u00e1mok \u00e9s spamek elker\u00fcl\u00e9se \u00e9rdek\u00e9ben a k\u00fcl\u00f6nleges tartalm\u00fa \u00fczeneteket figyelmen k\u00edv\u00fcl hagyjuk. Ez\u00e9rt k\u00e9rj\u00fck, hogy <strong>ne \u00edrjon<\/strong> <strong>linkeket <\/strong>a kapcsolatfelv\u00e9teli \u0171rlapba. Amennyiben erre sz\u00fcks\u00e9g lenne, k\u00e9rj\u00fck, \u00edrjon nek\u00fcnk egy e-mailt.    <\/p>\n\n<iframe style=\"border: 0;width:100%;height:1200px;\" src=\"https:\/\/mindfield.de\/only-contact-form\/\" frameborder=\"0\" allowfullscreen=\"\"><\/iframe>\n","protected":false},"excerpt":{"rendered":"<p>Ha k\u00e9rd\u00e9se van term\u00e9keinkkel kapcsolatban, vagy t\u00e1mogat\u00e1sra van sz\u00fcks\u00e9ge, k\u00e9rj\u00fck, forduljon hozz\u00e1nk bizalommal! A nem megfelel\u0151 rekl\u00e1mok \u00e9s spamek elker\u00fcl\u00e9se \u00e9rdek\u00e9ben a k\u00fcl\u00f6nleges tartalm\u00fa \u00fczeneteket figyelmen k\u00edv\u00fcl hagyjuk. Ez\u00e9rt k\u00e9rj\u00fck, hogy ne \u00edrjon linkeket a kapcsolatfelv\u00e9teli \u0171rlapba. Amennyiben erre sz\u00fcks\u00e9g lenne, k\u00e9rj\u00fck, \u00edrjon nek\u00fcnk egy e-mailt.<\/p>\n","protected":false},"author":2,"featured_media":0,"parent":0,"menu_order":0,"comment_status":"closed","ping_status":"closed","template":"","meta":{"inline_featured_image":false,"footnotes":""},"class_list":["post-14360","page","type-page","status-publish","hentry","entry"],"_links":{"self":[{"href":"https:\/\/help.mindfield.de\/hu\/wp-json\/wp\/v2\/pages\/14360","targetHints":{"allow":["GET"]}}],"collection":[{"href":"https:\/\/help.mindfield.de\/hu\/wp-json\/wp\/v2\/pages"}],"about":[{"href":"https:\/\/help.mindfield.de\/hu\/wp-json\/wp\/v2\/types\/page"}],"author":[{"embeddable":true,"href":"https:\/\/help.mindfield.de\/hu\/wp-json\/wp\/v2\/users\/2"}],"replies":[{"embeddable":true,"href":"https:\/\/help.mindfield.de\/hu\/wp-json\/wp\/v2\/comments?post=14360"}],"version-history":[{"count":0,"href":"https:\/\/help.mindfield.de\/hu\/wp-json\/wp\/v2\/pages\/14360\/revisions"}],"wp:attachment":[{"href":"https:\/\/help.mindfield.de\/hu\/wp-json\/wp\/v2\/media?parent=14360"}],"curies":[{"name":"wp","href":"https:\/\/api.w.org\/{rel}","templated":true}]}}