{"id":6486,"date":"2023-02-26T11:45:08","date_gmt":"2023-02-26T11:45:08","guid":{"rendered":"https:\/\/help.mindfield.de\/teljes-kezikonyvek-letoltheto"},"modified":"2023-04-03T13:20:37","modified_gmt":"2023-04-03T13:20:37","slug":"teljes-kezikonyvek-letoltheto","status":"publish","type":"page","link":"https:\/\/help.mindfield.de\/hu\/teljes-kezikonyvek-letoltheto","title":{"rendered":"Teljes k\u00e9zik\u00f6nyvek (let\u00f6lthet\u0151)"},"content":{"rendered":"\n<p>Kattintson annak az eSense \u00e9rz\u00e9kel\u0151nek a log\u00f3j\u00e1ra, amelynek a k\u00e9zik\u00f6nyv\u00e9t meg szeretn\u00e9 tekinteni vagy le szeretn\u00e9 t\u00f6lteni:<\/p>\n\n\n\n<div style=\"height:30px\" aria-hidden=\"true\" class=\"wp-block-spacer\"><\/div>\n\n\n\n<div class=\"wp-block-columns is-layout-flex wp-container-core-columns-is-layout-9d6595d7 wp-block-columns-is-layout-flex\">\n<div class=\"wp-block-column is-layout-flow wp-block-column-is-layout-flow\">\n<figure class=\"wp-block-image size-large\"><a href=\"https:\/\/help.mindfield.de\/hu\/skin-response-kezi\"><img decoding=\"async\" width=\"1024\" height=\"404\" src=\"https:\/\/help.mindfield.de\/wp-content\/uploads\/2022\/02\/Logo-eSense-SkinReponse-1024x404.png\" alt=\"\" class=\"wp-image-32\" srcset=\"https:\/\/help.mindfield.de\/wp-content\/uploads\/2022\/02\/Logo-eSense-SkinReponse-1024x404.png 1024w, https:\/\/help.mindfield.de\/wp-content\/uploads\/2022\/02\/Logo-eSense-SkinReponse-300x118.png 300w, https:\/\/help.mindfield.de\/wp-content\/uploads\/2022\/02\/Logo-eSense-SkinReponse-768x303.png 768w, https:\/\/help.mindfield.de\/wp-content\/uploads\/2022\/02\/Logo-eSense-SkinReponse-1536x606.png 1536w, https:\/\/help.mindfield.de\/wp-content\/uploads\/2022\/02\/Logo-eSense-SkinReponse-2048x809.png 2048w\" sizes=\"(max-width: 1024px) 100vw, 1024px\" \/><\/a><figcaption class=\"wp-element-caption\"><a href=\"https:\/\/help.mindfield.de\/hu\/skin-response-kezi\">A teljes k\u00e9zik\u00f6nyv megtekint\u00e9se vagy let\u00f6lt\u00e9se<\/a><\/figcaption><\/figure>\n<\/div>\n\n\n\n<div class=\"wp-block-column is-layout-flow wp-block-column-is-layout-flow\">\n<figure class=\"wp-block-image size-full\"><a href=\"https:\/\/help.mindfield.de\/hu\/temperature-kezi\"><img decoding=\"async\" width=\"795\" height=\"314\" src=\"https:\/\/help.mindfield.de\/wp-content\/uploads\/2022\/02\/Logo-eSense-Temperature.png\" alt=\"\" class=\"wp-image-34\" srcset=\"https:\/\/help.mindfield.de\/wp-content\/uploads\/2022\/02\/Logo-eSense-Temperature.png 795w, https:\/\/help.mindfield.de\/wp-content\/uploads\/2022\/02\/Logo-eSense-Temperature-300x118.png 300w, https:\/\/help.mindfield.de\/wp-content\/uploads\/2022\/02\/Logo-eSense-Temperature-768x303.png 768w\" sizes=\"(max-width: 795px) 100vw, 795px\" \/><\/a><figcaption class=\"wp-element-caption\"><a href=\"https:\/\/help.mindfield.de\/hu\/temperature-kezi\">A teljes k\u00e9zik\u00f6nyv megtekint\u00e9se vagy let\u00f6lt\u00e9se<\/a><\/figcaption><\/figure>\n<\/div>\n<\/div>\n\n\n\n<div style=\"height:30px\" aria-hidden=\"true\" class=\"wp-block-spacer\"><\/div>\n\n\n\n<div class=\"wp-block-columns is-layout-flex wp-container-core-columns-is-layout-9d6595d7 wp-block-columns-is-layout-flex\">\n<div class=\"wp-block-column is-layout-flow wp-block-column-is-layout-flow\">\n<figure class=\"wp-block-image size-full\"><a href=\"https:\/\/help.mindfield.de\/hu\/pulse-kezi\"><img decoding=\"async\" width=\"966\" height=\"383\" src=\"https:\/\/help.mindfield.de\/wp-content\/uploads\/2022\/02\/Logo-eSense-Pulse.png\" alt=\"\" class=\"wp-image-28\" srcset=\"https:\/\/help.mindfield.de\/wp-content\/uploads\/2022\/02\/Logo-eSense-Pulse.png 966w, https:\/\/help.mindfield.de\/wp-content\/uploads\/2022\/02\/Logo-eSense-Pulse-300x119.png 300w, https:\/\/help.mindfield.de\/wp-content\/uploads\/2022\/02\/Logo-eSense-Pulse-768x304.png 768w\" sizes=\"(max-width: 966px) 100vw, 966px\" \/><\/a><figcaption class=\"wp-element-caption\"><a href=\"https:\/\/help.mindfield.de\/hu\/pulse-kezi\">A teljes k\u00e9zik\u00f6nyv megtekint\u00e9se vagy let\u00f6lt\u00e9se<\/a><\/figcaption><\/figure>\n<\/div>\n\n\n\n<div class=\"wp-block-column is-layout-flow wp-block-column-is-layout-flow\">\n<figure class=\"wp-block-image size-large\"><a href=\"https:\/\/help.mindfield.de\/hu\/respiration-kezi\"><img decoding=\"async\" width=\"1024\" height=\"404\" src=\"https:\/\/help.mindfield.de\/wp-content\/uploads\/2022\/02\/Logo-eSense-Respiration-1024x404.png\" alt=\"\" class=\"wp-image-30\" srcset=\"https:\/\/help.mindfield.de\/wp-content\/uploads\/2022\/02\/Logo-eSense-Respiration-1024x404.png 1024w, https:\/\/help.mindfield.de\/wp-content\/uploads\/2022\/02\/Logo-eSense-Respiration-300x118.png 300w, https:\/\/help.mindfield.de\/wp-content\/uploads\/2022\/02\/Logo-eSense-Respiration-768x303.png 768w, https:\/\/help.mindfield.de\/wp-content\/uploads\/2022\/02\/Logo-eSense-Respiration-1536x606.png 1536w, https:\/\/help.mindfield.de\/wp-content\/uploads\/2022\/02\/Logo-eSense-Respiration.png 1886w\" sizes=\"(max-width: 1024px) 100vw, 1024px\" \/><\/a><figcaption class=\"wp-element-caption\"><a href=\"https:\/\/help.mindfield.de\/hu\/respiration-kezi\">A teljes k\u00e9zik\u00f6nyv megtekint\u00e9se vagy let\u00f6lt\u00e9se<\/a><\/figcaption><\/figure>\n<\/div>\n<\/div>\n\n\n\n<div style=\"height:30px\" aria-hidden=\"true\" class=\"wp-block-spacer\"><\/div>\n\n\n\n<div class=\"wp-block-columns is-layout-flex wp-container-core-columns-is-layout-9d6595d7 wp-block-columns-is-layout-flex\">\n<div class=\"wp-block-column is-layout-flow wp-block-column-is-layout-flow\">\n<figure class=\"wp-block-image size-large\"><a href=\"https:\/\/help.mindfield.de\/hu\/muscle-kezi\"><img decoding=\"async\" width=\"795\" height=\"314\" src=\"https:\/\/help.mindfield.de\/wp-content\/uploads\/\/Logo-eSense-Muscle.svg\" alt=\"\" class=\"wp-image-115\"\/><\/a><figcaption class=\"wp-element-caption\"><a href=\"https:\/\/help.mindfield.de\/hu\/muscle-kezi\">A teljes k\u00e9zik\u00f6nyv megtekint\u00e9se vagy let\u00f6lt\u00e9se<\/a><\/figcaption><\/figure>\n<\/div>\n\n\n\n<div class=\"wp-block-column is-layout-flow wp-block-column-is-layout-flow\"><\/div>\n<\/div>\n","protected":false},"excerpt":{"rendered":"<p>Kattintson annak az eSense \u00e9rz\u00e9kel\u0151nek a log\u00f3j\u00e1ra, amelynek a k\u00e9zik\u00f6nyv\u00e9t meg szeretn\u00e9 tekinteni vagy le szeretn\u00e9 t\u00f6lteni:<\/p>\n","protected":false},"author":2,"featured_media":0,"parent":0,"menu_order":0,"comment_status":"closed","ping_status":"closed","template":"","meta":{"inline_featured_image":false,"footnotes":""},"class_list":["post-6486","page","type-page","status-publish","hentry","entry"],"_links":{"self":[{"href":"https:\/\/help.mindfield.de\/hu\/wp-json\/wp\/v2\/pages\/6486","targetHints":{"allow":["GET"]}}],"collection":[{"href":"https:\/\/help.mindfield.de\/hu\/wp-json\/wp\/v2\/pages"}],"about":[{"href":"https:\/\/help.mindfield.de\/hu\/wp-json\/wp\/v2\/types\/page"}],"author":[{"embeddable":true,"href":"https:\/\/help.mindfield.de\/hu\/wp-json\/wp\/v2\/users\/2"}],"replies":[{"embeddable":true,"href":"https:\/\/help.mindfield.de\/hu\/wp-json\/wp\/v2\/comments?post=6486"}],"version-history":[{"count":0,"href":"https:\/\/help.mindfield.de\/hu\/wp-json\/wp\/v2\/pages\/6486\/revisions"}],"wp:attachment":[{"href":"https:\/\/help.mindfield.de\/hu\/wp-json\/wp\/v2\/media?parent=6486"}],"curies":[{"name":"wp","href":"https:\/\/api.w.org\/{rel}","templated":true}]}}